{"id":258567,"date":"2021-09-17T15:15:56","date_gmt":"2021-09-17T13:15:56","guid":{"rendered":"https:\/\/corporate.lynkware.com\/politique-de-confidentialite\/"},"modified":"2023-03-31T11:57:30","modified_gmt":"2023-03-31T09:57:30","slug":"privacy-policy","status":"publish","type":"page","link":"https:\/\/corporate.lynkware.com\/en\/privacy-policy\/","title":{"rendered":"Privacy policy"},"content":{"rendered":"<p>[et_pb_section fb_built=&#8221;1&#8243; _builder_version=&#8221;4.19.1&#8243; _module_preset=&#8221;default&#8221; global_colors_info=&#8221;{}&#8221;][et_pb_row _builder_version=&#8221;4.19.1&#8243; _module_preset=&#8221;default&#8221; global_colors_info=&#8221;{}&#8221;][et_pb_column type=&#8221;4_4&#8243; _builder_version=&#8221;4.19.1&#8243; _module_preset=&#8221;default&#8221; global_colors_info=&#8221;{}&#8221;][et_pb_text _builder_version=&#8221;4.20.2&#8243; _module_preset=&#8221;default&#8221; text_font_size=&#8221;16px&#8221; hover_enabled=&#8221;0&#8243; text_font_size_tablet=&#8221;16px&#8221; text_font_size_phone=&#8221;16px&#8221; text_font_size_last_edited=&#8221;on|desktop&#8221; global_colors_info=&#8221;{}&#8221; sticky_enabled=&#8221;0&#8243;]<\/p>\n<h2 style=\"text-align: center\"><strong>PRIVACY POLICY<\/strong><\/h2>\n<p style=\"text-align: center\"><span><a href=\"https:\/\/keep.lynkware.com\/\">https:\/\/www.lynkware.com<\/a><\/span><\/p>\n<p style=\"text-align: center\">LYNKWARE SAS<\/p>\n<p><span>\u00a0<\/span><\/p>\n<p><span>\u00a0<\/span><\/p>\n<p><span>LYNKWARE is concerned about the management and protection of personal data, in accordance with the standards established by the RGPD.<\/span><\/p>\n<p><span>The data collected on this website is managed by:<\/span><\/p>\n<p><span style=\"font-size: 16px\">LYNKWARE<br \/><\/span><span>SAS with capital of 92,91025 \u20ac<br \/><\/span>rue A. Nobel \u2013 B\u00e2t. C<br \/>77420 CHAMPS SUR MARNE \u2013 FRANCE<\/p>\n<p>&nbsp;<\/p>\n<p><strong><span>HOSTING<br \/><\/span><\/strong><span>This site is hosted by:<\/span><\/p>\n<p><span>OVH <strong><br \/><\/strong>SAS with capital of 10,174,560 \u20ac<br \/>2 rue Kellermann<br \/><\/span><span style=\"font-size: 16px\">59100 Roubaix \u2013 FRANCE<\/span><\/p>\n<p><span>\u00a0<\/span><\/p>\n<p><strong><span>THE PURPOSE OF THIS PRIVACY POLICY<br \/><\/span><\/strong><span>This Privacy, Data Protection and Privacy Policy is intended to help you understand how we collect and use your data, how we share it, the options you have to choose how your data is used and shared, as well as your rights under the privacy laws that apply to you.<\/span><\/p>\n<p><span>Thus, the purpose of this privacy policy is to inform users of our site of the personal data that we will collect as well as the following information, where applicable:<\/span><\/p>\n<ol>\n<li><span>The personal data we will collect<\/span><\/li>\n<li><span>Use of collected data<\/span><\/li>\n<li><span>Who has access to the data collected<\/span><\/li>\n<li><span>Site user rights<\/span><\/li>\n<li><span>The site&#8217;s cookie policy<\/span><\/li>\n<\/ol>\n<p><span>This Privacy Policy operates in conjunction with our <a href=\"https:\/\/corporate.lynkware.com\/en\/terms-of-use\/\">Terms of use.<\/a><\/span><\/p>\n<p><strong><span>\u00a0<\/span><\/strong><\/p>\n<p><strong><span>What is personal data ? <\/span><\/strong><span><br \/>\u201cPersonal data\u201d means any information that can identify you directly (for example, your name) or indirectly (for example, through pseudonymized data such as a unique identifier).<\/span><\/p>\n<p><span>This means that personal data includes information such as: postal\/email address, mobile phone number, user name, profile picture, personal preferences and shopping habits, user-generated content or financial datas. Personal data may also include unique numerical identifiers such as your computer&#8217;s IP address or your mobile device&#8217;s MAC address, as well as cookies.<\/span><\/p>\n<p><strong><span><br \/>Applicable laws on personal data<br \/><\/span><\/strong><span>In accordance with the &#8220;General Data Protection Regulation&#8221; (GDPR), this privacy policy complies with the following regulations:<\/span><\/p>\n<p><span>\u2013 Law n\u00b0 78-17 of January 6, 1978 relating to data processing, files and freedoms.<\/span><\/p>\n<p><span>\u2013 Regulation (EU) 2016\/679 of the European Parliament and of the Council of 27 April 2016 on the protection of individuals with regard to the processing of personal data and on the free movement of such data, and repealing Directive 95 \/46\/EC (General Data Protection Regulation).<\/span><\/p>\n<p><span>\u2013 French law n \u00b0 2018-493 of June 20, 2018 relating to the protection of personal data, which adapts in France the internal law, in accordance with the RGPD.<\/span><\/p>\n<p><strong><span><br \/>Thus, the GDPR requires that personal data must be: <\/span><\/strong><span><br \/>\u2013 Processed in a lawful, fair and transparent manner with regard to the person concerned (lawfulness, loyalty, transparency)<\/span><\/p>\n<p><span>\u2013 Collected for specified, explicit and legitimate purposes, and not to be further processed in a manner incompatible with these purposes; further processing for archival purposes in the public interest, for scientific or historical research purposes or for statistical purposes is not considered, in accordance with Article 89(1), to be incompatible with the initial purposes (limitation purposes)<\/span><\/p>\n<p><span>\u2013 Adequate, relevant and limited to what is necessary in relation to the purposes for which they are processed (minimization of data)<\/span><\/p>\n<p><span>\u2013 Accurate and, if necessary, kept up to date; all reasonable steps must be taken to ensure that personal data which is inaccurate, having regard to the purposes for which it is processed, is erased or rectified without delay (accuracy)<\/span><\/p>\n<p><span>\u2013 Kept in a form allowing the identification of the persons concerned for a period not exceeding that necessary with regard to the purposes for which they are processed; personal data may be stored for longer periods insofar as they will be processed exclusively for archival purposes in the public interest, for scientific or historical research purposes or for statistical purposes in accordance with Article 89 , paragraph 1, provided that the appropriate technical and organizational measures required by the Regulation are implemented in order to guarantee the rights and freedoms of the data subject (limitation of storage)<\/span><\/p>\n<p><span>\u2013 Processed in such a way as to ensure appropriate security of personal data, including protection against unauthorized or unlawful processing and against accidental loss, destruction or damage, using technical or organizational measures appropriate (integrity and confidentiality)<\/span><\/p>\n<p><span>\u00a0<\/span><\/p>\n<p><strong><span>The processing is only lawful if and insofar as at least one of the following conditions is met:<br \/><\/span><\/strong><span>\u2013 The data subject has consented to the processing of his or her personal data for one or more specific purposes<\/span><\/p>\n<p><span>\u2013 Processing is necessary for the performance of a contract to which the data subject is a party or for the performance of pre-contractual measures taken at the request of the data subject<\/span><\/p>\n<p><span>\u2013 Processing is necessary for compliance with a legal obligation to which the controller is subject<\/span><\/p>\n<p><span>\u2013 The processing is necessary to protect the vital interests of the data subject or of another natural person<\/span><\/p>\n<p><span>\u2013 Processing is necessary for the performance of a task in the public interest or in the exercise of official authority vested in the controller<\/span><\/p>\n<p><span>\u2013 Processing is necessary for the purposes of the legitimate interests pursued by the controller or by a third party, unless the interests or fundamental rights and freedoms of the data subject which require protection of personal data prevail, in particular when the data subject is a child<\/span><\/p>\n<p><span>\u00a0<\/span><\/p>\n<p><strong><span>Consent <\/span><\/strong><span><br \/>Users agree that by using our site, they consent to:<\/span><\/p>\n<p><span>\u2013 To the terms set forth in this Privacy Policy and to the collection, use and retention of data listed in this Policy.<\/span><\/p>\n<p><span>\u2013 Personal data we collect<\/span><\/p>\n<p><span>\u2013 Data collected automatically<\/span><\/p>\n<p><span>\u00a0<\/span><\/p>\n<p><strong><span>When you visit and use our site, we may automatically collect and store the following information: <\/span><\/strong><span><br \/>\u2013 Location <\/span><\/p>\n<p><span>\u2013 Hardware and software details <\/span><\/p>\n<p><span>\u2013 Content you view on our site <\/span><\/p>\n<p><span>\u2013 Clicked links<\/span><\/p>\n<p><span>\u00a0<\/span><\/p>\n<p><strong><span>We may also collect the following data when you complete our contact form:<br \/><\/span><\/strong><span>\u2013 Last name, first name,<\/span><\/p>\n<p><span>\u00a0\u2013 Company, <\/span><\/p>\n<p><span>\u2013 E-mail address ,<\/span><\/p>\n<p><span>We do not collect additional data without informing you first.<\/span><\/p>\n<p><span>\u00a0<\/span><\/p>\n<p><strong><span>How we use personal data Personal data <\/span><\/strong><span><br \/>collected on our site will only be used for the purposes specified below or indicated on the relevant pages of our site. We will not use your data beyond what we disclose.<\/span><\/p>\n<p>The data we collect automatically is used for the following purposes:<\/p>\n<ul>\n<li><span>Statistics<\/span><\/li>\n<\/ul>\n<p><span>The data we collect when you fill out our contact form will be used for a commercial response to a quote request or more broadly to a request for information about our services.<\/span><\/p>\n<p><span>\u00a0<\/span><\/p>\n<p><strong><span>With whom we share personal data <\/span><\/strong><span><br \/><u>Employees <\/u><br \/>We may disclose to any member of our organization such user data as they reasonably need to fulfill the purposes set out in this policy.<\/span><\/p>\n<p><u><span>\u00a0<\/span><\/u><\/p>\n<p><u><span>Other Disclosures <\/span><\/u><span><br \/>LYNKWARE does not transfer or lease the data to third parties except for the following: <\/span><\/p>\n<p><span>\u2013 If required by law <\/span><\/p>\n<p><span>\u2013 If required for any legal process <\/span><\/p>\n<p><span>\u2013 To prove or protect our legal rights <\/span><\/p>\n<p><span>\u2013 To buyers or purchasers potential of this company in the event that we seek to sell it<\/span><\/p>\n<p><span>\u00a0<\/span><\/p>\n<p><span>If you follow hyperlinks from our site to another site, please note that we are not responsible for and have no control over their privacy policies and practices.<\/span><\/p>\n<p><span>\u00a0<\/span><\/p>\n<p><strong><span>How long we store personal data <\/span><\/strong><span><br \/>User data is kept for a period of 6 months. We will ensure that users are notified if their data is retained for longer than this duration.<\/span><\/p>\n<p><span>\u00a0<\/span><\/p>\n<p><strong><span>How we protect your personal data <\/span><\/strong><span><br \/>We implement all the security means deemed necessary to protect the site as well as the information of our users.<\/span><\/p>\n<p><span>In order to ensure the protection of your security, we use an SSL certificate which encrypts the data passing between the site and the server.<\/span><\/p>\n<p><span>We regularly carry out internal audits on the collection, storage and processing of data, including physical security measures for computer media.<\/span><\/p>\n<p><span>Access to data collected and stored on the site is reserved for LYNKWARE employees, who are bound by an obligation of confidentiality. Any breach of this obligation will result in the dismissal of the employee.<\/span><\/p>\n<p><span>While we take all reasonable precautions to ensure that our user data is secure and that users are protected, there always remains the risk of harm. The internet as a whole can be insecure at times and therefore we are unable to ensure the security of user data beyond what is reasonably practical.<\/span><\/p>\n<p><span>\u00a0<\/span><\/p>\n<p><strong><span>Minors <\/span><\/strong><span><br \/>The GDPR clarifies that persons under the age of 15 are considered minors for the purposes of data collection. Minors must have the consent of a legal representative for their data to be collected, processed and used.<\/span><\/p>\n<p><strong><span>\u00a0<\/span><\/strong><\/p>\n<p><strong><span>Your rights as a user <\/span><\/strong><span><br \/>In accordance with the regulations, the user has the right to access and rectify the data concerning him, which allows him to have the data rectified, supplemented, updated or deleted. inaccurate, incomplete, ambiguous, outdated or whose collection, use, communication or storage is prohibited. The user also has the right to request the limitation of processing, and to oppose for legitimate reasons the processing of his personal data. The user can also communicate instructions on the fate of his personal data in the event of death.<\/span><\/p>\n<p><span>You will find more information on these rights in Chapter 3 (art 12-23) of the GDPR.<\/span><\/p>\n<p><span>\u00a0<\/span><\/p>\n<p><strong><span>How to modify, delete or dispute the data collected <\/span><\/strong><span><br \/>If you wish to have your information deleted or modified in any way, please contact our Privacy Officer here:<\/span><\/p>\n<p><span>Eric Bur<br \/>Subject: Data collected<br \/><a href=\"mailto:info@lynkware.com\">info@lynkware.com<\/a><\/span><\/p>\n<p><strong><span>\u00a0<\/span><\/strong><\/p>\n<p><strong><span>Cookie Policy <\/span><\/strong><span><br \/>A cookie is a small file stored on a user&#8217;s hard drive by the website. Its purpose is to collect data relating to the user&#8217;s browsing habits.<\/span><\/p>\n<p><span>We use the following types of cookies on our site:<br \/>\u2013 Functional cookies: we use these to remember all the selections you make on our site so that they are saved for your future visits.<\/span><\/p>\n<p><span>\u2013 Analytical cookies: this allows us to improve the design and functionality of our site by collecting data on the content you access and engage with while using our site.<br \/>You can choose to be notified each time a cookie is transmitted. You can also choose to disable cookies entirely in your Internet browser, but this may diminish the quality of your user experience.<\/span><\/p>\n<p><span><br \/><strong>Amendments<\/strong><\/span><\/p>\n<p><span>This Privacy Policy may be amended from time to time to maintain compliance with the law and to reflect any changes to our data collection process. We recommend that our users check our policy from time to time to ensure that they are aware of any updates. If necessary, we may notify users by email of changes to this policy.<\/span><\/p>\n<p><strong><span>\u00a0<\/span><\/strong><\/p>\n<p><strong><span>Contact <\/span><\/strong><span><br \/>If you have any questions for us, please feel free to contact us using the following:<\/span><\/p>\n<p><span><a href=\"mailto:info@lynkware.com\">info@lynkware.com <\/a><\/span><br \/>LYNKWARE SAS<br \/>25, rue A. NOBEL \u2013 B\u00e2t. C<br \/>77420 CHAMPS SUR MARNE \u2013 France<\/p>\n<p><em><span><\/span><\/em><\/p>\n<p><em><span>Effective Date: March 28, 2023<\/span><\/em><\/p>\n<p><span>\u00a0<\/span><\/p>\n<p>[\/et_pb_text][\/et_pb_column][\/et_pb_row][\/et_pb_section]<\/p>\n","protected":false},"excerpt":{"rendered":"<p>PRIVACY POLICY https:\/\/www.lynkware.com LYNKWARE SAS \u00a0 \u00a0 LYNKWARE is concerned about the management and protection of personal data, in accordance with the standards established by the RGPD. The data collected on this website is managed by: LYNKWARESAS with capital of 92,91025 \u20acrue A. Nobel \u2013 B\u00e2t. C77420 CHAMPS SUR MARNE \u2013 FRANCE &nbsp; HOSTINGThis site [&hellip;]<\/p>\n","protected":false},"author":1,"featured_media":0,"parent":0,"menu_order":0,"comment_status":"closed","ping_status":"closed","template":"","meta":{"_et_pb_use_builder":"on","_et_pb_old_content":"<!-- wp:heading --><h2>Qui sommes-nous\u00a0?<\/h2><!-- \/wp:heading --><!-- wp:paragraph --><p><strong class=\"privacy-policy-tutorial\">Texte sugg\u00e9r\u00e9\u00a0: <\/strong>L\u2019adresse de notre site est\u00a0: https:\/\/corporate.lynkware.com.<\/p><!-- \/wp:paragraph --><!-- wp:heading --><h2>Commentaires<\/h2><!-- \/wp:heading --><!-- wp:paragraph --><p><strong class=\"privacy-policy-tutorial\">Texte sugg\u00e9r\u00e9\u00a0: <\/strong>Quand vous laissez un commentaire sur notre site, les donn\u00e9es inscrites dans le formulaire de commentaire, mais aussi votre adresse IP et l\u2019agent utilisateur de votre navigateur sont collect\u00e9s pour nous aider \u00e0 la d\u00e9tection des commentaires ind\u00e9sirables.<\/p><!-- \/wp:paragraph --><!-- wp:paragraph --><p>Une cha\u00eene anonymis\u00e9e cr\u00e9\u00e9e \u00e0 partir de votre adresse e-mail (\u00e9galement appel\u00e9e hash) peut \u00eatre envoy\u00e9e au service Gravatar pour v\u00e9rifier si vous utilisez ce dernier. Les clauses de confidentialit\u00e9 du service Gravatar sont disponibles ici\u00a0: https:\/\/automattic.com\/privacy\/. Apr\u00e8s validation de votre commentaire, votre photo de profil sera visible publiquement \u00e0 cot\u00e9 de votre commentaire.<\/p><!-- \/wp:paragraph --><!-- wp:heading --><h2>M\u00e9dias<\/h2><!-- \/wp:heading --><!-- wp:paragraph --><p><strong class=\"privacy-policy-tutorial\">Texte sugg\u00e9r\u00e9\u00a0: <\/strong>Si vous t\u00e9l\u00e9versez des images sur le site, nous vous conseillons d\u2019\u00e9viter de t\u00e9l\u00e9verser des images contenant des donn\u00e9es EXIF de coordonn\u00e9es GPS. Les personnes visitant votre site peuvent t\u00e9l\u00e9charger et extraire des donn\u00e9es de localisation depuis ces images.<\/p><!-- \/wp:paragraph --><!-- wp:heading --><h2>Cookies<\/h2><!-- \/wp:heading --><!-- wp:paragraph --><p><strong class=\"privacy-policy-tutorial\">Texte sugg\u00e9r\u00e9\u00a0: <\/strong>Si vous d\u00e9posez un commentaire sur notre site, il vous sera propos\u00e9 d\u2019enregistrer votre nom, adresse e-mail et site dans des cookies. C\u2019est uniquement pour votre confort afin de ne pas avoir \u00e0 saisir ces informations si vous d\u00e9posez un autre commentaire plus tard. Ces cookies expirent au bout d\u2019un an.<\/p><!-- \/wp:paragraph --><!-- wp:paragraph --><p>Si vous vous rendez sur la page de connexion, un cookie temporaire sera cr\u00e9\u00e9 afin de d\u00e9terminer si votre navigateur accepte les cookies. Il ne contient pas de donn\u00e9es personnelles et sera supprim\u00e9 automatiquement \u00e0 la fermeture de votre navigateur.<\/p><!-- \/wp:paragraph --><!-- wp:paragraph --><p>Lorsque vous vous connecterez, nous mettrons en place un certain nombre de cookies pour enregistrer vos informations de connexion et vos pr\u00e9f\u00e9rences d\u2019\u00e9cran. La dur\u00e9e de vie d\u2019un cookie de connexion est de deux jours, celle d\u2019un cookie d\u2019option d\u2019\u00e9cran est d\u2019un an. Si vous cochez \u00ab\u00a0Se souvenir de moi\u00a0\u00bb, votre cookie de connexion sera conserv\u00e9 pendant deux semaines. Si vous vous d\u00e9connectez de votre compte, le cookie de connexion sera effac\u00e9.<\/p><!-- \/wp:paragraph --><!-- wp:paragraph --><p>En modifiant ou en publiant une publication, un cookie suppl\u00e9mentaire sera enregistr\u00e9 dans votre navigateur. Ce cookie ne comprend aucune donn\u00e9e personnelle. Il indique simplement l\u2019ID de la publication que vous venez de modifier. Il expire au bout d\u2019un jour.<\/p><!-- \/wp:paragraph --><!-- wp:heading --><h2>Contenu embarqu\u00e9 depuis d\u2019autres sites<\/h2><!-- \/wp:heading --><!-- wp:paragraph --><p><strong class=\"privacy-policy-tutorial\">Texte sugg\u00e9r\u00e9\u00a0: <\/strong>Les articles de ce site peuvent inclure des contenus int\u00e9gr\u00e9s (par exemple des vid\u00e9os, images, articles\u2026). Le contenu int\u00e9gr\u00e9 depuis d\u2019autres sites se comporte de la m\u00eame mani\u00e8re que si le visiteur se rendait sur cet autre site.<\/p><!-- \/wp:paragraph --><!-- wp:paragraph --><p>Ces sites web pourraient collecter des donn\u00e9es sur vous, utiliser des cookies, embarquer des outils de suivis tiers, suivre vos interactions avec ces contenus embarqu\u00e9s si vous disposez d\u2019un compte connect\u00e9 sur leur site web.<\/p><!-- \/wp:paragraph --><!-- wp:heading --><h2>Utilisation et transmission de vos donn\u00e9es personnelles<\/h2><!-- \/wp:heading --><!-- wp:paragraph --><p><strong class=\"privacy-policy-tutorial\">Texte sugg\u00e9r\u00e9\u00a0: <\/strong>Si vous demandez une r\u00e9initialisation de votre mot de passe, votre adresse IP sera incluse dans l\u2019e-mail de r\u00e9initialisation.<\/p><!-- \/wp:paragraph --><!-- wp:heading --><h2>Dur\u00e9es de stockage de vos donn\u00e9es<\/h2><!-- \/wp:heading --><!-- wp:paragraph --><p><strong class=\"privacy-policy-tutorial\">Texte sugg\u00e9r\u00e9\u00a0: <\/strong>Si vous laissez un commentaire, le commentaire et ses m\u00e9tadonn\u00e9es sont conserv\u00e9s ind\u00e9finiment. Cela permet de reconna\u00eetre et approuver automatiquement les commentaires suivants au lieu de les laisser dans la file de mod\u00e9ration.<\/p><!-- \/wp:paragraph --><!-- wp:paragraph --><p>Pour les comptes qui s\u2019inscrivent sur notre site (le cas \u00e9ch\u00e9ant), nous stockons \u00e9galement les donn\u00e9es personnelles indiqu\u00e9es dans leur profil. Tous les comptes peuvent voir, modifier ou supprimer leurs informations personnelles \u00e0 tout moment (\u00e0 l\u2019exception de leur identifiant). Les gestionnaires du site peuvent aussi voir et modifier ces informations.<\/p><!-- \/wp:paragraph --><!-- wp:heading --><h2>Les droits que vous avez sur vos donn\u00e9es<\/h2><!-- \/wp:heading --><!-- wp:paragraph --><p><strong class=\"privacy-policy-tutorial\">Texte sugg\u00e9r\u00e9\u00a0: <\/strong>Si vous avez un compte ou si vous avez laiss\u00e9 des commentaires sur le site, vous pouvez demander \u00e0 recevoir un fichier contenant toutes les donn\u00e9es personnelles que nous poss\u00e9dons \u00e0 votre sujet, incluant celles que vous nous avez fournies. Vous pouvez \u00e9galement demander la suppression des donn\u00e9es personnelles vous concernant. Cela ne prend pas en compte les donn\u00e9es stock\u00e9es \u00e0 des fins administratives, l\u00e9gales ou pour des raisons de s\u00e9curit\u00e9.<\/p><!-- \/wp:paragraph --><!-- wp:heading --><h2>Transmission de vos donn\u00e9es personnelles<\/h2><!-- \/wp:heading --><!-- wp:paragraph --><p><strong class=\"privacy-policy-tutorial\">Texte sugg\u00e9r\u00e9\u00a0: <\/strong>Les commentaires des visiteurs peuvent \u00eatre v\u00e9rifi\u00e9s \u00e0 l\u2019aide d\u2019un service automatis\u00e9 de d\u00e9tection des commentaires ind\u00e9sirables.<\/p><!-- \/wp:paragraph -->","_et_gb_content_width":"","footnotes":""},"class_list":["post-258567","page","type-page","status-publish","hentry"],"_links":{"self":[{"href":"https:\/\/corporate.lynkware.com\/en\/wp-json\/wp\/v2\/pages\/258567","targetHints":{"allow":["GET"]}}],"collection":[{"href":"https:\/\/corporate.lynkware.com\/en\/wp-json\/wp\/v2\/pages"}],"about":[{"href":"https:\/\/corporate.lynkware.com\/en\/wp-json\/wp\/v2\/types\/page"}],"author":[{"embeddable":true,"href":"https:\/\/corporate.lynkware.com\/en\/wp-json\/wp\/v2\/users\/1"}],"replies":[{"embeddable":true,"href":"https:\/\/corporate.lynkware.com\/en\/wp-json\/wp\/v2\/comments?post=258567"}],"version-history":[{"count":8,"href":"https:\/\/corporate.lynkware.com\/en\/wp-json\/wp\/v2\/pages\/258567\/revisions"}],"predecessor-version":[{"id":258593,"href":"https:\/\/corporate.lynkware.com\/en\/wp-json\/wp\/v2\/pages\/258567\/revisions\/258593"}],"wp:attachment":[{"href":"https:\/\/corporate.lynkware.com\/en\/wp-json\/wp\/v2\/media?parent=258567"}],"curies":[{"name":"wp","href":"https:\/\/api.w.org\/{rel}","templated":true}]}}